{"id":69,"date":"2019-11-18T13:53:59","date_gmt":"2019-11-18T13:53:59","guid":{"rendered":"http:\/\/rkdneu.klein-service.com\/?page_id=69"},"modified":"2023-03-28T07:04:19","modified_gmt":"2023-03-28T07:04:19","slug":"leistungen","status":"publish","type":"page","link":"https:\/\/www.klein-service.com\/?page_id=69","title":{"rendered":"Leistungen"},"content":{"rendered":"\n<h1 class=\"wp-block-heading\">Unsere Leistungen<\/h1>\n\n\n\n<h2 class=\"has-very-dark-gray-color has-text-color wp-block-heading\">Konfektionieren<\/h2>\n\n\n\n<p>Konfektionieren, banderolieren, oder kommisionieren Unsere  Konfektionierung beginnt, wo Maschinen aufh\u00f6ren: Banderolieren von  Zeitschriften, B\u00fcchern oder Katalogen Beilagen an bestimmter oder  unbestimmter Stelle einlegen oder zu kleben Aufkleben von Etiketten  Zusammenstellen von Verkaufsverpackungen \u00dcberkleben von Druckfehlern  Schutzumschl\u00e4ge visueller Abgleich mehrere personalisierter Produkte Wir  kennen fast keine Grenzen.<\/p>\n\n\n\n<p><\/p>\n\n\n\n<h2 class=\"wp-block-heading\">Folienverpackung<\/h2>\n\n\n\n<p>Es gibt verschieden M\u00f6glichkeiten Ihre Produkte vor Umwelteinfl\u00fcssen \nzu sch\u00fctzen und sie lagerf\u00e4hig zu machen. Wir w\u00e4hlen gemeinsam mit Ihnen\n das optimale Verfahren aus:<\/p>\n\n\n\n<ul>\n<li>Wir konfektionieren Ihre Produkte in Folientaschen, die entweder  neutral oder individuell bedruckt sein k\u00f6nnen. Besonders geeignet ist  diese M\u00f6glichkeit f\u00fcr den Einzelversand oder zur Pr\u00e4sentation im  Einzelhandel.<\/li>\n\n\n\n<li>Eine weitere M\u00f6glichkeit stellt das Einschwei\u00dfen zu Ballen dar. Dies\n bietet sich vor allem f\u00fcr Grossisten und Filialen an, ist aber auch \neine gute Transportverpackung f\u00fcr Pakete sein.<\/li>\n<\/ul>\n\n\n\n<p><\/p>\n\n\n\n<p><\/p>\n\n\n\n<h2 class=\"wp-block-heading\">Lager \/ Logistik<\/h2>\n\n\n\n<p>Unsere 5.000 m<sup>2\u00a0<\/sup>Lagerfl\u00e4che sind optimiert auf einen  schnellen Fluss Ihrer Ware. Durch die verkehrsg\u00fcnstige Lage an der  Autobahn 2 in direkter N\u00e4he zum gr\u00f6\u00dften Ballungsgebiet Deutschlands, dem  Ruhrgebiet, und einer zentralen Lage in Deutschland erreichen wir  kosteneffizient viele Kunden \u2013 auch \u00fcber die Grenzen Deutschlands  hinaus.<\/p>\n\n\n\n<p>Automatische Verladerampen sowie ebenerdige Rolltore sind ausreichend\n vorhanden. Wir verwenden Flurf\u00f6rderzeuge mit einer Gabell\u00e4nge von 240 \ncm, welche 3 Paletten gleichzeitig mit einem Gesamtgewicht von bis zu 3 \nTonnen bewegen. Gabelstapler komplettieren den Fuhrpark des Lagers.<\/p>\n\n\n\n<p>Somit ist es uns m\u00f6glich jegliche Fahrzeuge zu Be- oder Entladen.  Selbst Container Be- und Entladungen k\u00f6nnen in dem vorgesehenen  Zeitfenster realisiert werden. <\/p>\n\n\n\n<p>Auf Wunsch stellen wir Ihre Lagerartikel f\u00fcr verschiedenen Empf\u00e4nger  zusammen und sind Ihnen bei der Transportorganisation behilflich.&nbsp;&nbsp;<\/p>\n\n\n\n<h2 class=\"wp-block-heading\">Postsortieren<\/h2>\n\n\n\n<p>Viele Druckmaschinen laufen langsamer f\u00fcr Adressierung und  Sortierung. Wir \u00fcbernehmen diese l\u00e4stige Bremse, damit in Zukunft ihre  Maschinen wieder unter Volllast laufen k\u00f6nnen. Wir ben\u00f6tigen lediglich  Ihre Produkte reihenfolgerichtig. Sortierung, Anmeldung beim  Versanddienstleister (auch ins Ausland) und die Abholung werden von uns  komplett \u00fcbernommen. Die fertigen Sendungen k\u00f6nnen 4 Wochen kostenfrei  bei uns eingelagert werden. Somit sind Ihre Maschinen und Lagerpl\u00e4tze  schneller wieder frei.<\/p>\n\n\n\n<h2 class=\"wp-block-heading\">Adressverarbeitung<\/h2>\n\n\n\n<p>Die Nutzung spezieller Verarbeitungssoftware der unterschiedlichen \nVersanddienstleister erm\u00f6glicht uns den problemlosen Versand. Die von \nIhnen bereitgestellten Adressen werden entsprechend aufbereitet \u2013 falls \nn\u00f6tig. Die Ausgabe der optimierten Adressen erfolgt auf 2-seitigen \nAdresstr\u00e4gern, auf Etiketten oder auf Datentr\u00e4gern. Zus\u00e4tzlich nehmen \nwir Ihre Retouren entgegen, erfassen den Retourengrund oder \nAdress\u00e4nderungen. Anschlie\u00dfend erhalten Sie von uns die \u00fcberarbeiteten, \ndigitalisieren Adressen \u2013 oder wir \u00fcbernehmen die Pflege der Datenbank. \nHier richten wir uns ganz nach Ihren Anspr\u00fcchen.<\/p>\n\n\n\n<p>Favorisieren Sie keinen Versanddienstleister oder \u2013weg? Wir beraten  Sie bez\u00fcglich des g\u00fcnstigsten und schnellsten Versandweg.  Sonderkonditionen, die Sie mit einem Versanddienstleister bereits  ausgehandelt haben, k\u00f6nnen Sie auch bei uns nutzen.<\/p>\n\n\n\n<p><\/p>\n","protected":false},"excerpt":{"rendered":"<p>Unsere Leistungen Konfektionieren Konfektionieren, banderolieren, oder kommisionieren Unsere Konfektionierung beginnt, wo Maschinen aufh\u00f6ren: Banderolieren von Zeitschriften, B\u00fcchern oder Katalogen Beilagen an bestimmter oder unbestimmter Stelle einlegen oder zu kleben Aufkleben von Etiketten Zusammenstellen von Verkaufsverpackungen \u00dcberkleben von Druckfehlern Schutzumschl\u00e4ge visueller Abgleich mehrere personalisierter Produkte Wir kennen fast keine Grenzen. Folienverpackung Es gibt verschieden M\u00f6glichkeiten Ihre &hellip;<\/p>\n<p class=\"read-more\"> <a class=\"\" href=\"https:\/\/www.klein-service.com\/?page_id=69\"> <span class=\"screen-reader-text\">Leistungen<\/span> Weiterlesen &raquo;<\/a><\/p>\n","protected":false},"author":1,"featured_media":0,"parent":0,"menu_order":0,"comment_status":"closed","ping_status":"closed","template":"","meta":[],"yoast_head":"<!-- This site is optimized with the Yoast SEO plugin v20.5 - https:\/\/yoast.com\/wordpress\/plugins\/seo\/ -->\n<title>Leistungen - Rita Klein Dienstleistungen<\/title>\n<meta name=\"description\" content=\"Entdecken Sie unsere professionellen Konfektionierungs- und Verpackungsdienstleistungen sowie unsere Lager- und Logistikl\u00f6sungen. Wir bieten auch Adressverarbeitung und Postsortierung an. Kontaktieren Sie uns!\" \/>\n<meta name=\"robots\" content=\"index, follow, max-snippet:-1, max-image-preview:large, max-video-preview:-1\" \/>\n<link rel=\"canonical\" href=\"https:\/\/www.klein-service.com\/?page_id=69\" \/>\n<meta property=\"og:locale\" content=\"de_DE\" \/>\n<meta property=\"og:type\" content=\"article\" \/>\n<meta property=\"og:title\" content=\"Leistungen - Rita Klein Dienstleistungen\" \/>\n<meta property=\"og:description\" content=\"Entdecken Sie unsere professionellen Konfektionierungs- und Verpackungsdienstleistungen sowie unsere Lager- und Logistikl\u00f6sungen. Wir bieten auch Adressverarbeitung und Postsortierung an. Kontaktieren Sie uns!\" \/>\n<meta property=\"og:url\" content=\"https:\/\/www.klein-service.com\/?page_id=69\" \/>\n<meta property=\"og:site_name\" content=\"Rita Klein Dienstleistungen\" \/>\n<meta property=\"article:modified_time\" content=\"2023-03-28T07:04:19+00:00\" \/>\n<meta name=\"twitter:card\" content=\"summary_large_image\" \/>\n<meta name=\"twitter:label1\" content=\"Gesch\u00e4tzte Lesezeit\" \/>\n\t<meta name=\"twitter:data1\" content=\"3\u00a0Minuten\" \/>\n<script type=\"application\/ld+json\" class=\"yoast-schema-graph\">{\"@context\":\"https:\/\/schema.org\",\"@graph\":[{\"@type\":\"WebPage\",\"@id\":\"https:\/\/www.klein-service.com\/?page_id=69\",\"url\":\"https:\/\/www.klein-service.com\/?page_id=69\",\"name\":\"Leistungen - Rita Klein Dienstleistungen\",\"isPartOf\":{\"@id\":\"https:\/\/www.klein-service.com\/#website\"},\"datePublished\":\"2019-11-18T13:53:59+00:00\",\"dateModified\":\"2023-03-28T07:04:19+00:00\",\"description\":\"Entdecken Sie unsere professionellen Konfektionierungs- und Verpackungsdienstleistungen sowie unsere Lager- und Logistikl\u00f6sungen. Wir bieten auch Adressverarbeitung und Postsortierung an. Kontaktieren Sie uns!\",\"breadcrumb\":{\"@id\":\"https:\/\/www.klein-service.com\/?page_id=69#breadcrumb\"},\"inLanguage\":\"de\",\"potentialAction\":[{\"@type\":\"ReadAction\",\"target\":[\"https:\/\/www.klein-service.com\/?page_id=69\"]}]},{\"@type\":\"BreadcrumbList\",\"@id\":\"https:\/\/www.klein-service.com\/?page_id=69#breadcrumb\",\"itemListElement\":[{\"@type\":\"ListItem\",\"position\":1,\"name\":\"Startseite\",\"item\":\"https:\/\/www.klein-service.com\/\"},{\"@type\":\"ListItem\",\"position\":2,\"name\":\"Leistungen\"}]},{\"@type\":\"WebSite\",\"@id\":\"https:\/\/www.klein-service.com\/#website\",\"url\":\"https:\/\/www.klein-service.com\/\",\"name\":\"Rita Klein Dienstleistungen\",\"description\":\"Wir sind ein Dienstleistungsunternehmen mit Lager und Logistikfl\u00e4chen in direkter Autobahn n\u00e4he.\",\"publisher\":{\"@id\":\"https:\/\/www.klein-service.com\/#organization\"},\"potentialAction\":[{\"@type\":\"SearchAction\",\"target\":{\"@type\":\"EntryPoint\",\"urlTemplate\":\"https:\/\/www.klein-service.com\/?s={search_term_string}\"},\"query-input\":\"required name=search_term_string\"}],\"inLanguage\":\"de\"},{\"@type\":\"Organization\",\"@id\":\"https:\/\/www.klein-service.com\/#organization\",\"name\":\"Rita Klein Dienstleistungen\",\"url\":\"https:\/\/www.klein-service.com\/\",\"logo\":{\"@type\":\"ImageObject\",\"inLanguage\":\"de\",\"@id\":\"https:\/\/www.klein-service.com\/#\/schema\/logo\/image\/\",\"url\":\"https:\/\/www.klein-service.com\/wp-content\/uploads\/2019\/06\/cropped-LogoRK_Web_einfach1.png\",\"contentUrl\":\"https:\/\/www.klein-service.com\/wp-content\/uploads\/2019\/06\/cropped-LogoRK_Web_einfach1.png\",\"width\":1181,\"height\":1041,\"caption\":\"Rita Klein Dienstleistungen\"},\"image\":{\"@id\":\"https:\/\/www.klein-service.com\/#\/schema\/logo\/image\/\"}}]}<\/script>\n<!-- \/ Yoast SEO plugin. -->","yoast_head_json":{"title":"Leistungen - Rita Klein Dienstleistungen","description":"Entdecken Sie unsere professionellen Konfektionierungs- und Verpackungsdienstleistungen sowie unsere Lager- und Logistikl\u00f6sungen. Wir bieten auch Adressverarbeitung und Postsortierung an. Kontaktieren Sie uns!","robots":{"index":"index","follow":"follow","max-snippet":"max-snippet:-1","max-image-preview":"max-image-preview:large","max-video-preview":"max-video-preview:-1"},"canonical":"https:\/\/www.klein-service.com\/?page_id=69","og_locale":"de_DE","og_type":"article","og_title":"Leistungen - Rita Klein Dienstleistungen","og_description":"Entdecken Sie unsere professionellen Konfektionierungs- und Verpackungsdienstleistungen sowie unsere Lager- und Logistikl\u00f6sungen. Wir bieten auch Adressverarbeitung und Postsortierung an. Kontaktieren Sie uns!","og_url":"https:\/\/www.klein-service.com\/?page_id=69","og_site_name":"Rita Klein Dienstleistungen","article_modified_time":"2023-03-28T07:04:19+00:00","twitter_card":"summary_large_image","twitter_misc":{"Gesch\u00e4tzte Lesezeit":"3\u00a0Minuten"},"schema":{"@context":"https:\/\/schema.org","@graph":[{"@type":"WebPage","@id":"https:\/\/www.klein-service.com\/?page_id=69","url":"https:\/\/www.klein-service.com\/?page_id=69","name":"Leistungen - Rita Klein Dienstleistungen","isPartOf":{"@id":"https:\/\/www.klein-service.com\/#website"},"datePublished":"2019-11-18T13:53:59+00:00","dateModified":"2023-03-28T07:04:19+00:00","description":"Entdecken Sie unsere professionellen Konfektionierungs- und Verpackungsdienstleistungen sowie unsere Lager- und Logistikl\u00f6sungen. Wir bieten auch Adressverarbeitung und Postsortierung an. Kontaktieren Sie uns!","breadcrumb":{"@id":"https:\/\/www.klein-service.com\/?page_id=69#breadcrumb"},"inLanguage":"de","potentialAction":[{"@type":"ReadAction","target":["https:\/\/www.klein-service.com\/?page_id=69"]}]},{"@type":"BreadcrumbList","@id":"https:\/\/www.klein-service.com\/?page_id=69#breadcrumb","itemListElement":[{"@type":"ListItem","position":1,"name":"Startseite","item":"https:\/\/www.klein-service.com\/"},{"@type":"ListItem","position":2,"name":"Leistungen"}]},{"@type":"WebSite","@id":"https:\/\/www.klein-service.com\/#website","url":"https:\/\/www.klein-service.com\/","name":"Rita Klein Dienstleistungen","description":"Wir sind ein Dienstleistungsunternehmen mit Lager und Logistikfl\u00e4chen in direkter Autobahn n\u00e4he.","publisher":{"@id":"https:\/\/www.klein-service.com\/#organization"},"potentialAction":[{"@type":"SearchAction","target":{"@type":"EntryPoint","urlTemplate":"https:\/\/www.klein-service.com\/?s={search_term_string}"},"query-input":"required name=search_term_string"}],"inLanguage":"de"},{"@type":"Organization","@id":"https:\/\/www.klein-service.com\/#organization","name":"Rita Klein Dienstleistungen","url":"https:\/\/www.klein-service.com\/","logo":{"@type":"ImageObject","inLanguage":"de","@id":"https:\/\/www.klein-service.com\/#\/schema\/logo\/image\/","url":"https:\/\/www.klein-service.com\/wp-content\/uploads\/2019\/06\/cropped-LogoRK_Web_einfach1.png","contentUrl":"https:\/\/www.klein-service.com\/wp-content\/uploads\/2019\/06\/cropped-LogoRK_Web_einfach1.png","width":1181,"height":1041,"caption":"Rita Klein Dienstleistungen"},"image":{"@id":"https:\/\/www.klein-service.com\/#\/schema\/logo\/image\/"}}]}},"_links":{"self":[{"href":"https:\/\/www.klein-service.com\/index.php?rest_route=\/wp\/v2\/pages\/69"}],"collection":[{"href":"https:\/\/www.klein-service.com\/index.php?rest_route=\/wp\/v2\/pages"}],"about":[{"href":"https:\/\/www.klein-service.com\/index.php?rest_route=\/wp\/v2\/types\/page"}],"author":[{"embeddable":true,"href":"https:\/\/www.klein-service.com\/index.php?rest_route=\/wp\/v2\/users\/1"}],"replies":[{"embeddable":true,"href":"https:\/\/www.klein-service.com\/index.php?rest_route=%2Fwp%2Fv2%2Fcomments&post=69"}],"version-history":[{"count":9,"href":"https:\/\/www.klein-service.com\/index.php?rest_route=\/wp\/v2\/pages\/69\/revisions"}],"predecessor-version":[{"id":143,"href":"https:\/\/www.klein-service.com\/index.php?rest_route=\/wp\/v2\/pages\/69\/revisions\/143"}],"wp:attachment":[{"href":"https:\/\/www.klein-service.com\/index.php?rest_route=%2Fwp%2Fv2%2Fmedia&parent=69"}],"curies":[{"name":"wp","href":"https:\/\/api.w.org\/{rel}","templated":true}]}}