{"id":52,"date":"2019-11-18T11:32:48","date_gmt":"2019-11-18T11:32:48","guid":{"rendered":"http:\/\/rkdneu.klein-service.com\/?page_id=52"},"modified":"2023-03-28T07:09:48","modified_gmt":"2023-03-28T07:09:48","slug":"willkommen-bei-rita-klein-dienstleistungen","status":"publish","type":"page","link":"https:\/\/www.klein-service.com\/","title":{"rendered":"Willkommen bei Rita Klein Dienstleistungen"},"content":{"rendered":"\n<p>Herzlich Willkommen bei Rita Klein Dienstleistungen! Mit \u00fcber 15 Jahren Erfahrung und einem leistungsf\u00e4higen Team sind wir Ihr starker Partner. Unsere Spezialisierung auf Lohnverpackungen erm\u00f6glicht uns, ein Serviceprogramm anzubieten, das allen Anspr\u00fcchen gerecht wird. Gro\u00dfe und mittlere Betriebe aus allen Bereichen der Wirtschaft vertrauen auf uns. Qualit\u00e4t steht bei uns an oberster Stelle, um uns mit jedem Service, den wir anbieten, zu identifizieren.<\/p>\n","protected":false},"excerpt":{"rendered":"<p>Herzlich Willkommen bei Rita Klein Dienstleistungen! Mit \u00fcber 15 Jahren Erfahrung und einem leistungsf\u00e4higen Team sind wir Ihr starker Partner. Unsere Spezialisierung auf Lohnverpackungen erm\u00f6glicht uns, ein Serviceprogramm anzubieten, das allen Anspr\u00fcchen gerecht wird. Gro\u00dfe und mittlere Betriebe aus allen Bereichen der Wirtschaft vertrauen auf uns. Qualit\u00e4t steht bei uns an oberster Stelle, um uns &hellip;<\/p>\n<p class=\"read-more\"> <a class=\"\" href=\"https:\/\/www.klein-service.com\/\"> <span class=\"screen-reader-text\">Willkommen bei Rita Klein Dienstleistungen<\/span> Weiterlesen &raquo;<\/a><\/p>\n","protected":false},"author":1,"featured_media":0,"parent":0,"menu_order":0,"comment_status":"closed","ping_status":"closed","template":"","meta":[],"yoast_head":"<!-- This site is optimized with the Yoast SEO plugin v20.5 - https:\/\/yoast.com\/wordpress\/plugins\/seo\/ -->\n<title>Willkommen bei Rita Klein Dienstleistungen - Rita Klein Dienstleistungen<\/title>\n<meta name=\"description\" content=\"Willkommen bei Rita Klein Dienstleistungen - Ihrem starken Partner mit \u00fcber 15 Jahren Erfahrung im Bereich Lohnverpackungen. Unsere hohe Qualit\u00e4tsanspr\u00fcche und unser leistungsf\u00e4higes Team machen uns zur ersten Wahl f\u00fcr viele gro\u00dfe und mittlere Betriebe aus allen Bereichen der Wirtschaft. Entdecken Sie unser umfangreiches Serviceprogramm, das allen Anspr\u00fcchen gerecht wird.\" \/>\n<meta name=\"robots\" content=\"index, follow, max-snippet:-1, max-image-preview:large, max-video-preview:-1\" \/>\n<link rel=\"canonical\" href=\"https:\/\/www.klein-service.com\/\" \/>\n<meta property=\"og:locale\" content=\"de_DE\" \/>\n<meta property=\"og:type\" content=\"article\" \/>\n<meta property=\"og:title\" content=\"Willkommen bei Rita Klein Dienstleistungen - Rita Klein Dienstleistungen\" \/>\n<meta property=\"og:description\" content=\"Willkommen bei Rita Klein Dienstleistungen - Ihrem starken Partner mit \u00fcber 15 Jahren Erfahrung im Bereich Lohnverpackungen. Unsere hohe Qualit\u00e4tsanspr\u00fcche und unser leistungsf\u00e4higes Team machen uns zur ersten Wahl f\u00fcr viele gro\u00dfe und mittlere Betriebe aus allen Bereichen der Wirtschaft. Entdecken Sie unser umfangreiches Serviceprogramm, das allen Anspr\u00fcchen gerecht wird.\" \/>\n<meta property=\"og:url\" content=\"https:\/\/www.klein-service.com\/\" \/>\n<meta property=\"og:site_name\" content=\"Rita Klein Dienstleistungen\" \/>\n<meta property=\"article:modified_time\" content=\"2023-03-28T07:09:48+00:00\" \/>\n<meta name=\"twitter:card\" content=\"summary_large_image\" \/>\n<meta name=\"twitter:label1\" content=\"Gesch\u00e4tzte Lesezeit\" \/>\n\t<meta name=\"twitter:data1\" content=\"1\u00a0Minute\" \/>\n<script type=\"application\/ld+json\" class=\"yoast-schema-graph\">{\"@context\":\"https:\/\/schema.org\",\"@graph\":[{\"@type\":\"WebPage\",\"@id\":\"https:\/\/www.klein-service.com\/\",\"url\":\"https:\/\/www.klein-service.com\/\",\"name\":\"Willkommen bei Rita Klein Dienstleistungen - Rita Klein Dienstleistungen\",\"isPartOf\":{\"@id\":\"https:\/\/www.klein-service.com\/#website\"},\"datePublished\":\"2019-11-18T11:32:48+00:00\",\"dateModified\":\"2023-03-28T07:09:48+00:00\",\"description\":\"Willkommen bei Rita Klein Dienstleistungen - Ihrem starken Partner mit \u00fcber 15 Jahren Erfahrung im Bereich Lohnverpackungen. Unsere hohe Qualit\u00e4tsanspr\u00fcche und unser leistungsf\u00e4higes Team machen uns zur ersten Wahl f\u00fcr viele gro\u00dfe und mittlere Betriebe aus allen Bereichen der Wirtschaft. Entdecken Sie unser umfangreiches Serviceprogramm, das allen Anspr\u00fcchen gerecht wird.\",\"breadcrumb\":{\"@id\":\"https:\/\/www.klein-service.com\/#breadcrumb\"},\"inLanguage\":\"de\",\"potentialAction\":[{\"@type\":\"ReadAction\",\"target\":[\"https:\/\/www.klein-service.com\/\"]}]},{\"@type\":\"BreadcrumbList\",\"@id\":\"https:\/\/www.klein-service.com\/#breadcrumb\",\"itemListElement\":[{\"@type\":\"ListItem\",\"position\":1,\"name\":\"Startseite\",\"item\":\"https:\/\/www.klein-service.com\/\"},{\"@type\":\"ListItem\",\"position\":2,\"name\":\"Willkommen bei Rita Klein Dienstleistungen\"}]},{\"@type\":\"WebSite\",\"@id\":\"https:\/\/www.klein-service.com\/#website\",\"url\":\"https:\/\/www.klein-service.com\/\",\"name\":\"Rita Klein Dienstleistungen\",\"description\":\"Wir sind ein Dienstleistungsunternehmen mit Lager und Logistikfl\u00e4chen in direkter Autobahn n\u00e4he.\",\"publisher\":{\"@id\":\"https:\/\/www.klein-service.com\/#organization\"},\"potentialAction\":[{\"@type\":\"SearchAction\",\"target\":{\"@type\":\"EntryPoint\",\"urlTemplate\":\"https:\/\/www.klein-service.com\/?s={search_term_string}\"},\"query-input\":\"required name=search_term_string\"}],\"inLanguage\":\"de\"},{\"@type\":\"Organization\",\"@id\":\"https:\/\/www.klein-service.com\/#organization\",\"name\":\"Rita Klein Dienstleistungen\",\"url\":\"https:\/\/www.klein-service.com\/\",\"logo\":{\"@type\":\"ImageObject\",\"inLanguage\":\"de\",\"@id\":\"https:\/\/www.klein-service.com\/#\/schema\/logo\/image\/\",\"url\":\"https:\/\/www.klein-service.com\/wp-content\/uploads\/2019\/06\/cropped-LogoRK_Web_einfach1.png\",\"contentUrl\":\"https:\/\/www.klein-service.com\/wp-content\/uploads\/2019\/06\/cropped-LogoRK_Web_einfach1.png\",\"width\":1181,\"height\":1041,\"caption\":\"Rita Klein Dienstleistungen\"},\"image\":{\"@id\":\"https:\/\/www.klein-service.com\/#\/schema\/logo\/image\/\"}}]}<\/script>\n<!-- \/ Yoast SEO plugin. -->","yoast_head_json":{"title":"Willkommen bei Rita Klein Dienstleistungen - Rita Klein Dienstleistungen","description":"Willkommen bei Rita Klein Dienstleistungen - Ihrem starken Partner mit \u00fcber 15 Jahren Erfahrung im Bereich Lohnverpackungen. Unsere hohe Qualit\u00e4tsanspr\u00fcche und unser leistungsf\u00e4higes Team machen uns zur ersten Wahl f\u00fcr viele gro\u00dfe und mittlere Betriebe aus allen Bereichen der Wirtschaft. Entdecken Sie unser umfangreiches Serviceprogramm, das allen Anspr\u00fcchen gerecht wird.","robots":{"index":"index","follow":"follow","max-snippet":"max-snippet:-1","max-image-preview":"max-image-preview:large","max-video-preview":"max-video-preview:-1"},"canonical":"https:\/\/www.klein-service.com\/","og_locale":"de_DE","og_type":"article","og_title":"Willkommen bei Rita Klein Dienstleistungen - Rita Klein Dienstleistungen","og_description":"Willkommen bei Rita Klein Dienstleistungen - Ihrem starken Partner mit \u00fcber 15 Jahren Erfahrung im Bereich Lohnverpackungen. Unsere hohe Qualit\u00e4tsanspr\u00fcche und unser leistungsf\u00e4higes Team machen uns zur ersten Wahl f\u00fcr viele gro\u00dfe und mittlere Betriebe aus allen Bereichen der Wirtschaft. Entdecken Sie unser umfangreiches Serviceprogramm, das allen Anspr\u00fcchen gerecht wird.","og_url":"https:\/\/www.klein-service.com\/","og_site_name":"Rita Klein Dienstleistungen","article_modified_time":"2023-03-28T07:09:48+00:00","twitter_card":"summary_large_image","twitter_misc":{"Gesch\u00e4tzte Lesezeit":"1\u00a0Minute"},"schema":{"@context":"https:\/\/schema.org","@graph":[{"@type":"WebPage","@id":"https:\/\/www.klein-service.com\/","url":"https:\/\/www.klein-service.com\/","name":"Willkommen bei Rita Klein Dienstleistungen - Rita Klein Dienstleistungen","isPartOf":{"@id":"https:\/\/www.klein-service.com\/#website"},"datePublished":"2019-11-18T11:32:48+00:00","dateModified":"2023-03-28T07:09:48+00:00","description":"Willkommen bei Rita Klein Dienstleistungen - Ihrem starken Partner mit \u00fcber 15 Jahren Erfahrung im Bereich Lohnverpackungen. Unsere hohe Qualit\u00e4tsanspr\u00fcche und unser leistungsf\u00e4higes Team machen uns zur ersten Wahl f\u00fcr viele gro\u00dfe und mittlere Betriebe aus allen Bereichen der Wirtschaft. Entdecken Sie unser umfangreiches Serviceprogramm, das allen Anspr\u00fcchen gerecht wird.","breadcrumb":{"@id":"https:\/\/www.klein-service.com\/#breadcrumb"},"inLanguage":"de","potentialAction":[{"@type":"ReadAction","target":["https:\/\/www.klein-service.com\/"]}]},{"@type":"BreadcrumbList","@id":"https:\/\/www.klein-service.com\/#breadcrumb","itemListElement":[{"@type":"ListItem","position":1,"name":"Startseite","item":"https:\/\/www.klein-service.com\/"},{"@type":"ListItem","position":2,"name":"Willkommen bei Rita Klein Dienstleistungen"}]},{"@type":"WebSite","@id":"https:\/\/www.klein-service.com\/#website","url":"https:\/\/www.klein-service.com\/","name":"Rita Klein Dienstleistungen","description":"Wir sind ein Dienstleistungsunternehmen mit Lager und Logistikfl\u00e4chen in direkter Autobahn n\u00e4he.","publisher":{"@id":"https:\/\/www.klein-service.com\/#organization"},"potentialAction":[{"@type":"SearchAction","target":{"@type":"EntryPoint","urlTemplate":"https:\/\/www.klein-service.com\/?s={search_term_string}"},"query-input":"required name=search_term_string"}],"inLanguage":"de"},{"@type":"Organization","@id":"https:\/\/www.klein-service.com\/#organization","name":"Rita Klein Dienstleistungen","url":"https:\/\/www.klein-service.com\/","logo":{"@type":"ImageObject","inLanguage":"de","@id":"https:\/\/www.klein-service.com\/#\/schema\/logo\/image\/","url":"https:\/\/www.klein-service.com\/wp-content\/uploads\/2019\/06\/cropped-LogoRK_Web_einfach1.png","contentUrl":"https:\/\/www.klein-service.com\/wp-content\/uploads\/2019\/06\/cropped-LogoRK_Web_einfach1.png","width":1181,"height":1041,"caption":"Rita Klein Dienstleistungen"},"image":{"@id":"https:\/\/www.klein-service.com\/#\/schema\/logo\/image\/"}}]}},"_links":{"self":[{"href":"https:\/\/www.klein-service.com\/index.php?rest_route=\/wp\/v2\/pages\/52"}],"collection":[{"href":"https:\/\/www.klein-service.com\/index.php?rest_route=\/wp\/v2\/pages"}],"about":[{"href":"https:\/\/www.klein-service.com\/index.php?rest_route=\/wp\/v2\/types\/page"}],"author":[{"embeddable":true,"href":"https:\/\/www.klein-service.com\/index.php?rest_route=\/wp\/v2\/users\/1"}],"replies":[{"embeddable":true,"href":"https:\/\/www.klein-service.com\/index.php?rest_route=%2Fwp%2Fv2%2Fcomments&post=52"}],"version-history":[{"count":3,"href":"https:\/\/www.klein-service.com\/index.php?rest_route=\/wp\/v2\/pages\/52\/revisions"}],"predecessor-version":[{"id":145,"href":"https:\/\/www.klein-service.com\/index.php?rest_route=\/wp\/v2\/pages\/52\/revisions\/145"}],"wp:attachment":[{"href":"https:\/\/www.klein-service.com\/index.php?rest_route=%2Fwp%2Fv2%2Fmedia&parent=52"}],"curies":[{"name":"wp","href":"https:\/\/api.w.org\/{rel}","templated":true}]}}