{"id":33,"date":"2015-03-24T13:08:21","date_gmt":"2015-03-24T13:08:21","guid":{"rendered":"http:\/\/rkdneu.klein-service.com\/?p=33"},"modified":"2019-11-18T14:13:31","modified_gmt":"2019-11-18T14:13:31","slug":"geschichte","status":"publish","type":"page","link":"https:\/\/www.klein-service.com\/?page_id=33","title":{"rendered":"Geschichte"},"content":{"rendered":"<p class=\"MsoNormal\">\n<p>Seit der Gr\u00fcndung im Jahre 1999 ist unser mittelst\u00e4ndisches Familienunternehmen stets gewachsen. Mittlerweile bewirtschaften wir \u00fcber 10.000m<sup>2<\/sup> Lager und Logistikfl\u00e4che \u2013 verteilt auf zwei Standorte.<\/p>\n<h4>1999: Gr\u00fcndung<\/h4>\n<p>Alles begann mit einem B\u00fcroraum, indem wir Adressdatenbanken pflegten. Dies war jedoch schon im Verlauf des Gr\u00fcndungsjahres nicht mehr ausreichend. Wir mieteten schnell unsere erste Produktionsfl\u00e4che in Rheda-Wiedenbr\u00fcck mit 700m<sup>2<\/sup> an.<\/p>\n<h4>2003: Umzug und Expansion<\/h4>\n<p>Nach vier Jahren war der Standort in Rheda-Wiedenbr\u00fcck zu klein geworden. In Herzebrock-Clarholz wurden wir f\u00fcndig und hatten nach dem Umzug 1.500m<sup>2<\/sup> Lager- und Produktionsfl\u00e4che zur Verf\u00fcgung, sowie zwei automatische Verladerampen zur Verf\u00fcgung.<\/p>\n<h4>2005: Expansion und IHK Ausbildungsbetrieb<img decoding=\"async\" loading=\"lazy\" class=\"pull-right size-full wp-image-32 alignnone\" src=\"http:\/\/rkdneu.klein-service.com\/wp-content\/uploads\/2015\/03\/569c4a15e6.jpg\" alt=\"\" width=\"200\" height=\"200\" align=\"right\" srcset=\"https:\/\/www.klein-service.com\/wp-content\/uploads\/2015\/03\/569c4a15e6.jpg 200w, https:\/\/www.klein-service.com\/wp-content\/uploads\/2015\/03\/569c4a15e6-150x150.jpg 150w\" sizes=\"(max-width: 200px) 100vw, 200px\" \/><\/h4>\n<p>Durch die Anmietung weitere Hallenteile konnten wir unsere Betriebsgr\u00f6\u00dfe auf gut 5.000m<sup>2<\/sup> vergr\u00f6\u00dfern. Ein Umzug war nicht von N\u00f6ten.<\/p>\n<p>Um langfristig unserem Personalbedarf gerecht zu werden und unserer gesellschaftlichen Verantwortung nachzukommen, sind wir seit 2005 anerkannter Ausbildungsbetrieb der IHK. Unser erster Auszubildender hat bei uns erfolgreich die Ausbildung zur Fachkraft f\u00fcr Lagerlogistik absolviert und arbeitet heute als Verantwortlicher im Bereich Lager \/ Versand bei uns am Standort Herzebrock-Clarholz.<\/p>\n<h4>2010: Expansion: 2. Standort in Rheda<\/h4>\n<p>Durch stetigen Wachstum stie\u00dfen wir 2010 an unseren r\u00e4umlichen Grenzen. Wir entschieden uns den Bereich Lager und Logistik in einen neuen Standort nach Rheda-Wiedenbr\u00fcck auszulagern. Dieser Standort bietet uns optimal Anbindung an die Autobahn 2 und verf\u00fcgt \u00fcber 3 automatische Verladerampen bei knapp 5000m<sup>2<\/sup>.<\/p>\n","protected":false},"excerpt":{"rendered":"<p>Seit der Gr\u00fcndung im Jahre 1999 ist unser mittelst\u00e4ndisches Familienunternehmen stets gewachsen. Mittlerweile bewirtschaften wir \u00fcber 10.000m2 Lager und Logistikfl\u00e4che \u2013 verteilt auf zwei Standorte. 1999: Gr\u00fcndung Alles begann mit einem B\u00fcroraum, indem wir Adressdatenbanken pflegten. Dies war jedoch schon im Verlauf des Gr\u00fcndungsjahres nicht mehr ausreichend. Wir mieteten schnell unsere erste Produktionsfl\u00e4che in Rheda-Wiedenbr\u00fcck &hellip;<\/p>\n<p class=\"read-more\"> <a class=\"\" href=\"https:\/\/www.klein-service.com\/?page_id=33\"> <span class=\"screen-reader-text\">Geschichte<\/span> Weiterlesen &raquo;<\/a><\/p>\n","protected":false},"author":1,"featured_media":0,"parent":0,"menu_order":5,"comment_status":"closed","ping_status":"open","template":"","meta":[],"yoast_head":"<!-- This site is optimized with the Yoast SEO plugin v20.5 - https:\/\/yoast.com\/wordpress\/plugins\/seo\/ -->\n<title>Geschichte - Rita Klein Dienstleistungen<\/title>\n<meta name=\"robots\" content=\"index, follow, max-snippet:-1, max-image-preview:large, max-video-preview:-1\" \/>\n<link rel=\"canonical\" href=\"https:\/\/www.klein-service.com\/?page_id=33\" \/>\n<meta property=\"og:locale\" content=\"de_DE\" \/>\n<meta property=\"og:type\" content=\"article\" \/>\n<meta property=\"og:title\" content=\"Geschichte - Rita Klein Dienstleistungen\" \/>\n<meta property=\"og:description\" content=\"Seit der Gr\u00fcndung im Jahre 1999 ist unser mittelst\u00e4ndisches Familienunternehmen stets gewachsen. Mittlerweile bewirtschaften wir \u00fcber 10.000m2 Lager und Logistikfl\u00e4che \u2013 verteilt auf zwei Standorte. 1999: Gr\u00fcndung Alles begann mit einem B\u00fcroraum, indem wir Adressdatenbanken pflegten. Dies war jedoch schon im Verlauf des Gr\u00fcndungsjahres nicht mehr ausreichend. Wir mieteten schnell unsere erste Produktionsfl\u00e4che in Rheda-Wiedenbr\u00fcck &hellip; Geschichte Weiterlesen &raquo;\" \/>\n<meta property=\"og:url\" content=\"https:\/\/www.klein-service.com\/?page_id=33\" \/>\n<meta property=\"og:site_name\" content=\"Rita Klein Dienstleistungen\" \/>\n<meta property=\"article:modified_time\" content=\"2019-11-18T14:13:31+00:00\" \/>\n<meta property=\"og:image\" content=\"http:\/\/rkdneu.klein-service.com\/wp-content\/uploads\/2015\/03\/569c4a15e6.jpg\" \/>\n<meta name=\"twitter:card\" content=\"summary_large_image\" \/>\n<meta name=\"twitter:label1\" content=\"Gesch\u00e4tzte Lesezeit\" \/>\n\t<meta name=\"twitter:data1\" content=\"1\u00a0Minute\" \/>\n<script type=\"application\/ld+json\" class=\"yoast-schema-graph\">{\"@context\":\"https:\/\/schema.org\",\"@graph\":[{\"@type\":\"WebPage\",\"@id\":\"https:\/\/www.klein-service.com\/?page_id=33\",\"url\":\"https:\/\/www.klein-service.com\/?page_id=33\",\"name\":\"Geschichte - Rita Klein Dienstleistungen\",\"isPartOf\":{\"@id\":\"https:\/\/www.klein-service.com\/#website\"},\"datePublished\":\"2015-03-24T13:08:21+00:00\",\"dateModified\":\"2019-11-18T14:13:31+00:00\",\"breadcrumb\":{\"@id\":\"https:\/\/www.klein-service.com\/?page_id=33#breadcrumb\"},\"inLanguage\":\"de\",\"potentialAction\":[{\"@type\":\"ReadAction\",\"target\":[\"https:\/\/www.klein-service.com\/?page_id=33\"]}]},{\"@type\":\"BreadcrumbList\",\"@id\":\"https:\/\/www.klein-service.com\/?page_id=33#breadcrumb\",\"itemListElement\":[{\"@type\":\"ListItem\",\"position\":1,\"name\":\"Startseite\",\"item\":\"https:\/\/www.klein-service.com\/\"},{\"@type\":\"ListItem\",\"position\":2,\"name\":\"Geschichte\"}]},{\"@type\":\"WebSite\",\"@id\":\"https:\/\/www.klein-service.com\/#website\",\"url\":\"https:\/\/www.klein-service.com\/\",\"name\":\"Rita Klein Dienstleistungen\",\"description\":\"Wir sind ein Dienstleistungsunternehmen mit Lager und Logistikfl\u00e4chen in direkter Autobahn n\u00e4he.\",\"publisher\":{\"@id\":\"https:\/\/www.klein-service.com\/#organization\"},\"potentialAction\":[{\"@type\":\"SearchAction\",\"target\":{\"@type\":\"EntryPoint\",\"urlTemplate\":\"https:\/\/www.klein-service.com\/?s={search_term_string}\"},\"query-input\":\"required name=search_term_string\"}],\"inLanguage\":\"de\"},{\"@type\":\"Organization\",\"@id\":\"https:\/\/www.klein-service.com\/#organization\",\"name\":\"Rita Klein Dienstleistungen\",\"url\":\"https:\/\/www.klein-service.com\/\",\"logo\":{\"@type\":\"ImageObject\",\"inLanguage\":\"de\",\"@id\":\"https:\/\/www.klein-service.com\/#\/schema\/logo\/image\/\",\"url\":\"https:\/\/www.klein-service.com\/wp-content\/uploads\/2019\/06\/cropped-LogoRK_Web_einfach1.png\",\"contentUrl\":\"https:\/\/www.klein-service.com\/wp-content\/uploads\/2019\/06\/cropped-LogoRK_Web_einfach1.png\",\"width\":1181,\"height\":1041,\"caption\":\"Rita Klein Dienstleistungen\"},\"image\":{\"@id\":\"https:\/\/www.klein-service.com\/#\/schema\/logo\/image\/\"}}]}<\/script>\n<!-- \/ Yoast SEO plugin. -->","yoast_head_json":{"title":"Geschichte - Rita Klein Dienstleistungen","robots":{"index":"index","follow":"follow","max-snippet":"max-snippet:-1","max-image-preview":"max-image-preview:large","max-video-preview":"max-video-preview:-1"},"canonical":"https:\/\/www.klein-service.com\/?page_id=33","og_locale":"de_DE","og_type":"article","og_title":"Geschichte - Rita Klein Dienstleistungen","og_description":"Seit der Gr\u00fcndung im Jahre 1999 ist unser mittelst\u00e4ndisches Familienunternehmen stets gewachsen. Mittlerweile bewirtschaften wir \u00fcber 10.000m2 Lager und Logistikfl\u00e4che \u2013 verteilt auf zwei Standorte. 1999: Gr\u00fcndung Alles begann mit einem B\u00fcroraum, indem wir Adressdatenbanken pflegten. Dies war jedoch schon im Verlauf des Gr\u00fcndungsjahres nicht mehr ausreichend. Wir mieteten schnell unsere erste Produktionsfl\u00e4che in Rheda-Wiedenbr\u00fcck &hellip; Geschichte Weiterlesen &raquo;","og_url":"https:\/\/www.klein-service.com\/?page_id=33","og_site_name":"Rita Klein Dienstleistungen","article_modified_time":"2019-11-18T14:13:31+00:00","og_image":[{"url":"http:\/\/rkdneu.klein-service.com\/wp-content\/uploads\/2015\/03\/569c4a15e6.jpg"}],"twitter_card":"summary_large_image","twitter_misc":{"Gesch\u00e4tzte Lesezeit":"1\u00a0Minute"},"schema":{"@context":"https:\/\/schema.org","@graph":[{"@type":"WebPage","@id":"https:\/\/www.klein-service.com\/?page_id=33","url":"https:\/\/www.klein-service.com\/?page_id=33","name":"Geschichte - Rita Klein Dienstleistungen","isPartOf":{"@id":"https:\/\/www.klein-service.com\/#website"},"datePublished":"2015-03-24T13:08:21+00:00","dateModified":"2019-11-18T14:13:31+00:00","breadcrumb":{"@id":"https:\/\/www.klein-service.com\/?page_id=33#breadcrumb"},"inLanguage":"de","potentialAction":[{"@type":"ReadAction","target":["https:\/\/www.klein-service.com\/?page_id=33"]}]},{"@type":"BreadcrumbList","@id":"https:\/\/www.klein-service.com\/?page_id=33#breadcrumb","itemListElement":[{"@type":"ListItem","position":1,"name":"Startseite","item":"https:\/\/www.klein-service.com\/"},{"@type":"ListItem","position":2,"name":"Geschichte"}]},{"@type":"WebSite","@id":"https:\/\/www.klein-service.com\/#website","url":"https:\/\/www.klein-service.com\/","name":"Rita Klein Dienstleistungen","description":"Wir sind ein Dienstleistungsunternehmen mit Lager und Logistikfl\u00e4chen in direkter Autobahn n\u00e4he.","publisher":{"@id":"https:\/\/www.klein-service.com\/#organization"},"potentialAction":[{"@type":"SearchAction","target":{"@type":"EntryPoint","urlTemplate":"https:\/\/www.klein-service.com\/?s={search_term_string}"},"query-input":"required name=search_term_string"}],"inLanguage":"de"},{"@type":"Organization","@id":"https:\/\/www.klein-service.com\/#organization","name":"Rita Klein Dienstleistungen","url":"https:\/\/www.klein-service.com\/","logo":{"@type":"ImageObject","inLanguage":"de","@id":"https:\/\/www.klein-service.com\/#\/schema\/logo\/image\/","url":"https:\/\/www.klein-service.com\/wp-content\/uploads\/2019\/06\/cropped-LogoRK_Web_einfach1.png","contentUrl":"https:\/\/www.klein-service.com\/wp-content\/uploads\/2019\/06\/cropped-LogoRK_Web_einfach1.png","width":1181,"height":1041,"caption":"Rita Klein Dienstleistungen"},"image":{"@id":"https:\/\/www.klein-service.com\/#\/schema\/logo\/image\/"}}]}},"_links":{"self":[{"href":"https:\/\/www.klein-service.com\/index.php?rest_route=\/wp\/v2\/pages\/33"}],"collection":[{"href":"https:\/\/www.klein-service.com\/index.php?rest_route=\/wp\/v2\/pages"}],"about":[{"href":"https:\/\/www.klein-service.com\/index.php?rest_route=\/wp\/v2\/types\/page"}],"author":[{"embeddable":true,"href":"https:\/\/www.klein-service.com\/index.php?rest_route=\/wp\/v2\/users\/1"}],"replies":[{"embeddable":true,"href":"https:\/\/www.klein-service.com\/index.php?rest_route=%2Fwp%2Fv2%2Fcomments&post=33"}],"version-history":[{"count":2,"href":"https:\/\/www.klein-service.com\/index.php?rest_route=\/wp\/v2\/pages\/33\/revisions"}],"predecessor-version":[{"id":83,"href":"https:\/\/www.klein-service.com\/index.php?rest_route=\/wp\/v2\/pages\/33\/revisions\/83"}],"wp:attachment":[{"href":"https:\/\/www.klein-service.com\/index.php?rest_route=%2Fwp%2Fv2%2Fmedia&parent=33"}],"curies":[{"name":"wp","href":"https:\/\/api.w.org\/{rel}","templated":true}]}}