{"id":19,"date":"2019-06-17T14:12:12","date_gmt":"2019-06-17T14:12:12","guid":{"rendered":"http:\/\/rkdneu.klein-service.com\/?page_id=19"},"modified":"2023-10-19T11:46:50","modified_gmt":"2023-10-19T11:46:50","slug":"impressum","status":"publish","type":"page","link":"https:\/\/www.klein-service.com\/?page_id=19","title":{"rendered":"Impressum"},"content":{"rendered":"\n<h2 class=\"wp-block-heading\">Angaben gem\u00e4\u00df \u00a7 5 TMG:<\/h2>\n\n\n\n<p>Rita Klein Dienstleistungen GmbH &amp; Co. KG<br> Zeisigstr. 15<br> 33378 Rheda-Wiedenbr\u00fcck<\/p>\n\n\n\n<h2 class=\"wp-block-heading\">Vertreten durch:<\/h2>\n\n\n\n<p>Komplement\u00e4r-GmbH, die ihrerseits vertreten wird durch Rita Klein<\/p>\n\n\n\n<h2 class=\"wp-block-heading\">Kontakt:<\/h2>\n\n\n\n<figure class=\"wp-block-table\"><table><tbody><tr><td>Telefon:<\/td><td>05242 5799670<\/td><\/tr><tr><td>Telefax:<\/td><td>05242 57996721<\/td><\/tr><tr><td>E-Mail:<\/td><td>info@klein-service.com<\/td><\/tr><\/tbody><\/table><\/figure>\n\n\n\n<h2 class=\"wp-block-heading\">Registereintrag:<\/h2>\n\n\n\n<p>Eintragung im Handelsregister. <br>Registergericht:Amtsgericht G\u00fctersloh <br>Registernummer: HRA 6575<\/p>\n\n\n\n<h2 class=\"wp-block-heading\">Umsatzsteuer-ID:<\/h2>\n\n\n\n<p>Umsatzsteuer-Identifikationsnummer gem\u00e4\u00df \u00a727 a Umsatzsteuergesetz:<br> DE275190156<\/p>\n\n\n\n<h1 class=\"wp-block-heading\">Haftungsausschluss (Disclaimer)<\/h1>\n\n\n\n<p><strong>Haftung f\u00fcr Inhalte<\/strong><\/p>\n\n\n\n<p>Als Diensteanbieter sind wir gem\u00e4\u00df \u00a7 7 Abs.1 TMG f\u00fcr eigene Inhalte auf diesen Seiten nach den allgemeinen Gesetzen verantwortlich. Nach \u00a7\u00a7 8 bis 10 TMG sind wir als Diensteanbieter jedoch nicht verpflichtet, \u00fcbermittelte oder gespeicherte fremde Informationen zu \u00fcberwachen oder nach Umst\u00e4nden zu forschen, die auf eine rechtswidrige T\u00e4tigkeit hinweisen. Verpflichtungen zur Entfernung oder Sperrung der Nutzung von Informationen nach den allgemeinen Gesetzen bleiben hiervon unber\u00fchrt. Eine diesbez\u00fcgliche Haftung ist jedoch erst ab dem Zeitpunkt der Kenntnis einer konkreten Rechtsverletzung m\u00f6glich. Bei Bekanntwerden von entsprechenden Rechtsverletzungen werden wir diese Inhalte umgehend entfernen.<\/p>\n\n\n\n<p><strong>Haftung f\u00fcr Links<\/strong><\/p>\n\n\n\n<p>Unser Angebot enth\u00e4lt Links zu externen Webseiten Dritter, auf deren Inhalte wir keinen Einfluss haben. Deshalb k\u00f6nnen wir f\u00fcr diese fremden Inhalte auch keine Gew\u00e4hr \u00fcbernehmen. F\u00fcr die Inhalte der verlinkten Seiten ist stets der jeweilige Anbieter oder Betreiber der Seiten verantwortlich. Die verlinkten Seiten wurden zum Zeitpunkt der Verlinkung auf m\u00f6gliche Rechtsverst\u00f6\u00dfe \u00fcberpr\u00fcft. Rechtswidrige Inhalte waren zum Zeitpunkt der Verlinkung nicht erkennbar. Eine permanente inhaltliche Kontrolle der verlinkten Seiten ist jedoch ohne konkrete Anhaltspunkte einer Rechtsverletzung nicht zumutbar. Bei Bekanntwerden von Rechtsverletzungen werden wir derartige Links umgehend entfernen.<\/p>\n\n\n\n<p><strong>Urheberrecht<\/strong><\/p>\n\n\n\n<p>Die durch die Seitenbetreiber erstellten Inhalte und Werke auf diesen Seiten unterliegen dem deutschen Urheberrecht. Die Vervielf\u00e4ltigung, Bearbeitung, Verbreitung und jede Art der Verwertung au\u00dferhalb der Grenzen des Urheberrechtes bed\u00fcrfen der schriftlichen Zustimmung des jeweiligen Autors bzw. Erstellers. Downloads und Kopien dieser Seite sind nur f\u00fcr den privaten, nicht kommerziellen Gebrauch gestattet. Soweit die Inhalte auf dieser Seite nicht vom Betreiber erstellt wurden, werden die Urheberrechte Dritter beachtet. Insbesondere werden Inhalte Dritter als solche gekennzeichnet. Sollten Sie trotzdem auf eine Urheberrechtsverletzung aufmerksam werden, bitten wir um einen entsprechenden Hinweis. Bei Bekanntwerden von Rechtsverletzungen werden wir derartige Inhalte umgehend entfernen.<\/p>\n","protected":false},"excerpt":{"rendered":"<p>Angaben gem\u00e4\u00df \u00a7 5 TMG: Rita Klein Dienstleistungen GmbH &amp; Co. KG Zeisigstr. 15 33378 Rheda-Wiedenbr\u00fcck Vertreten durch: Komplement\u00e4r-GmbH, die ihrerseits vertreten wird durch Rita Klein Kontakt: Telefon: 05242 5799670 Telefax: 05242 57996721 E-Mail: info@klein-service.com Registereintrag: Eintragung im Handelsregister. Registergericht:Amtsgericht G\u00fctersloh Registernummer: HRA 6575 Umsatzsteuer-ID: Umsatzsteuer-Identifikationsnummer gem\u00e4\u00df \u00a727 a Umsatzsteuergesetz: DE275190156 Haftungsausschluss (Disclaimer) Haftung f\u00fcr &hellip;<\/p>\n<p class=\"read-more\"> <a class=\"\" href=\"https:\/\/www.klein-service.com\/?page_id=19\"> <span class=\"screen-reader-text\">Impressum<\/span> Weiterlesen &raquo;<\/a><\/p>\n","protected":false},"author":1,"featured_media":0,"parent":0,"menu_order":0,"comment_status":"closed","ping_status":"closed","template":"","meta":[],"yoast_head":"<!-- This site is optimized with the Yoast SEO plugin v20.5 - https:\/\/yoast.com\/wordpress\/plugins\/seo\/ -->\n<title>Impressum - Rita Klein Dienstleistungen<\/title>\n<meta name=\"robots\" content=\"index, follow, max-snippet:-1, max-image-preview:large, max-video-preview:-1\" \/>\n<link rel=\"canonical\" href=\"https:\/\/www.klein-service.com\/?page_id=19\" \/>\n<meta property=\"og:locale\" content=\"de_DE\" \/>\n<meta property=\"og:type\" content=\"article\" \/>\n<meta property=\"og:title\" content=\"Impressum - Rita Klein Dienstleistungen\" \/>\n<meta property=\"og:description\" content=\"Angaben gem\u00e4\u00df \u00a7 5 TMG: Rita Klein Dienstleistungen GmbH &amp; Co. KG Zeisigstr. 15 33378 Rheda-Wiedenbr\u00fcck Vertreten durch: Komplement\u00e4r-GmbH, die ihrerseits vertreten wird durch Rita Klein Kontakt: Telefon: 05242 5799670 Telefax: 05242 57996721 E-Mail: info@klein-service.com Registereintrag: Eintragung im Handelsregister. Registergericht:Amtsgericht G\u00fctersloh Registernummer: HRA 6575 Umsatzsteuer-ID: Umsatzsteuer-Identifikationsnummer gem\u00e4\u00df \u00a727 a Umsatzsteuergesetz: DE275190156 Haftungsausschluss (Disclaimer) Haftung f\u00fcr &hellip; Impressum Weiterlesen &raquo;\" \/>\n<meta property=\"og:url\" content=\"https:\/\/www.klein-service.com\/?page_id=19\" \/>\n<meta property=\"og:site_name\" content=\"Rita Klein Dienstleistungen\" \/>\n<meta property=\"article:modified_time\" content=\"2023-10-19T11:46:50+00:00\" \/>\n<meta name=\"twitter:card\" content=\"summary_large_image\" \/>\n<meta name=\"twitter:label1\" content=\"Gesch\u00e4tzte Lesezeit\" \/>\n\t<meta name=\"twitter:data1\" content=\"2\u00a0Minuten\" \/>\n<script type=\"application\/ld+json\" class=\"yoast-schema-graph\">{\"@context\":\"https:\/\/schema.org\",\"@graph\":[{\"@type\":\"WebPage\",\"@id\":\"https:\/\/www.klein-service.com\/?page_id=19\",\"url\":\"https:\/\/www.klein-service.com\/?page_id=19\",\"name\":\"Impressum - Rita Klein Dienstleistungen\",\"isPartOf\":{\"@id\":\"https:\/\/www.klein-service.com\/#website\"},\"datePublished\":\"2019-06-17T14:12:12+00:00\",\"dateModified\":\"2023-10-19T11:46:50+00:00\",\"breadcrumb\":{\"@id\":\"https:\/\/www.klein-service.com\/?page_id=19#breadcrumb\"},\"inLanguage\":\"de\",\"potentialAction\":[{\"@type\":\"ReadAction\",\"target\":[\"https:\/\/www.klein-service.com\/?page_id=19\"]}]},{\"@type\":\"BreadcrumbList\",\"@id\":\"https:\/\/www.klein-service.com\/?page_id=19#breadcrumb\",\"itemListElement\":[{\"@type\":\"ListItem\",\"position\":1,\"name\":\"Startseite\",\"item\":\"https:\/\/www.klein-service.com\/\"},{\"@type\":\"ListItem\",\"position\":2,\"name\":\"Impressum\"}]},{\"@type\":\"WebSite\",\"@id\":\"https:\/\/www.klein-service.com\/#website\",\"url\":\"https:\/\/www.klein-service.com\/\",\"name\":\"Rita Klein Dienstleistungen\",\"description\":\"Wir sind ein Dienstleistungsunternehmen mit Lager und Logistikfl\u00e4chen in direkter Autobahn n\u00e4he.\",\"publisher\":{\"@id\":\"https:\/\/www.klein-service.com\/#organization\"},\"potentialAction\":[{\"@type\":\"SearchAction\",\"target\":{\"@type\":\"EntryPoint\",\"urlTemplate\":\"https:\/\/www.klein-service.com\/?s={search_term_string}\"},\"query-input\":\"required name=search_term_string\"}],\"inLanguage\":\"de\"},{\"@type\":\"Organization\",\"@id\":\"https:\/\/www.klein-service.com\/#organization\",\"name\":\"Rita Klein Dienstleistungen\",\"url\":\"https:\/\/www.klein-service.com\/\",\"logo\":{\"@type\":\"ImageObject\",\"inLanguage\":\"de\",\"@id\":\"https:\/\/www.klein-service.com\/#\/schema\/logo\/image\/\",\"url\":\"https:\/\/www.klein-service.com\/wp-content\/uploads\/2019\/06\/cropped-LogoRK_Web_einfach1.png\",\"contentUrl\":\"https:\/\/www.klein-service.com\/wp-content\/uploads\/2019\/06\/cropped-LogoRK_Web_einfach1.png\",\"width\":1181,\"height\":1041,\"caption\":\"Rita Klein Dienstleistungen\"},\"image\":{\"@id\":\"https:\/\/www.klein-service.com\/#\/schema\/logo\/image\/\"}}]}<\/script>\n<!-- \/ Yoast SEO plugin. -->","yoast_head_json":{"title":"Impressum - Rita Klein Dienstleistungen","robots":{"index":"index","follow":"follow","max-snippet":"max-snippet:-1","max-image-preview":"max-image-preview:large","max-video-preview":"max-video-preview:-1"},"canonical":"https:\/\/www.klein-service.com\/?page_id=19","og_locale":"de_DE","og_type":"article","og_title":"Impressum - Rita Klein Dienstleistungen","og_description":"Angaben gem\u00e4\u00df \u00a7 5 TMG: Rita Klein Dienstleistungen GmbH &amp; Co. KG Zeisigstr. 15 33378 Rheda-Wiedenbr\u00fcck Vertreten durch: Komplement\u00e4r-GmbH, die ihrerseits vertreten wird durch Rita Klein Kontakt: Telefon: 05242 5799670 Telefax: 05242 57996721 E-Mail: info@klein-service.com Registereintrag: Eintragung im Handelsregister. Registergericht:Amtsgericht G\u00fctersloh Registernummer: HRA 6575 Umsatzsteuer-ID: Umsatzsteuer-Identifikationsnummer gem\u00e4\u00df \u00a727 a Umsatzsteuergesetz: DE275190156 Haftungsausschluss (Disclaimer) Haftung f\u00fcr &hellip; Impressum Weiterlesen &raquo;","og_url":"https:\/\/www.klein-service.com\/?page_id=19","og_site_name":"Rita Klein Dienstleistungen","article_modified_time":"2023-10-19T11:46:50+00:00","twitter_card":"summary_large_image","twitter_misc":{"Gesch\u00e4tzte Lesezeit":"2\u00a0Minuten"},"schema":{"@context":"https:\/\/schema.org","@graph":[{"@type":"WebPage","@id":"https:\/\/www.klein-service.com\/?page_id=19","url":"https:\/\/www.klein-service.com\/?page_id=19","name":"Impressum - Rita Klein Dienstleistungen","isPartOf":{"@id":"https:\/\/www.klein-service.com\/#website"},"datePublished":"2019-06-17T14:12:12+00:00","dateModified":"2023-10-19T11:46:50+00:00","breadcrumb":{"@id":"https:\/\/www.klein-service.com\/?page_id=19#breadcrumb"},"inLanguage":"de","potentialAction":[{"@type":"ReadAction","target":["https:\/\/www.klein-service.com\/?page_id=19"]}]},{"@type":"BreadcrumbList","@id":"https:\/\/www.klein-service.com\/?page_id=19#breadcrumb","itemListElement":[{"@type":"ListItem","position":1,"name":"Startseite","item":"https:\/\/www.klein-service.com\/"},{"@type":"ListItem","position":2,"name":"Impressum"}]},{"@type":"WebSite","@id":"https:\/\/www.klein-service.com\/#website","url":"https:\/\/www.klein-service.com\/","name":"Rita Klein Dienstleistungen","description":"Wir sind ein Dienstleistungsunternehmen mit Lager und Logistikfl\u00e4chen in direkter Autobahn n\u00e4he.","publisher":{"@id":"https:\/\/www.klein-service.com\/#organization"},"potentialAction":[{"@type":"SearchAction","target":{"@type":"EntryPoint","urlTemplate":"https:\/\/www.klein-service.com\/?s={search_term_string}"},"query-input":"required name=search_term_string"}],"inLanguage":"de"},{"@type":"Organization","@id":"https:\/\/www.klein-service.com\/#organization","name":"Rita Klein Dienstleistungen","url":"https:\/\/www.klein-service.com\/","logo":{"@type":"ImageObject","inLanguage":"de","@id":"https:\/\/www.klein-service.com\/#\/schema\/logo\/image\/","url":"https:\/\/www.klein-service.com\/wp-content\/uploads\/2019\/06\/cropped-LogoRK_Web_einfach1.png","contentUrl":"https:\/\/www.klein-service.com\/wp-content\/uploads\/2019\/06\/cropped-LogoRK_Web_einfach1.png","width":1181,"height":1041,"caption":"Rita Klein Dienstleistungen"},"image":{"@id":"https:\/\/www.klein-service.com\/#\/schema\/logo\/image\/"}}]}},"_links":{"self":[{"href":"https:\/\/www.klein-service.com\/index.php?rest_route=\/wp\/v2\/pages\/19"}],"collection":[{"href":"https:\/\/www.klein-service.com\/index.php?rest_route=\/wp\/v2\/pages"}],"about":[{"href":"https:\/\/www.klein-service.com\/index.php?rest_route=\/wp\/v2\/types\/page"}],"author":[{"embeddable":true,"href":"https:\/\/www.klein-service.com\/index.php?rest_route=\/wp\/v2\/users\/1"}],"replies":[{"embeddable":true,"href":"https:\/\/www.klein-service.com\/index.php?rest_route=%2Fwp%2Fv2%2Fcomments&post=19"}],"version-history":[{"count":2,"href":"https:\/\/www.klein-service.com\/index.php?rest_route=\/wp\/v2\/pages\/19\/revisions"}],"predecessor-version":[{"id":149,"href":"https:\/\/www.klein-service.com\/index.php?rest_route=\/wp\/v2\/pages\/19\/revisions\/149"}],"wp:attachment":[{"href":"https:\/\/www.klein-service.com\/index.php?rest_route=%2Fwp%2Fv2%2Fmedia&parent=19"}],"curies":[{"name":"wp","href":"https:\/\/api.w.org\/{rel}","templated":true}]}}